{"id":880,"date":"2022-06-02T19:34:26","date_gmt":"2022-06-02T19:34:26","guid":{"rendered":"https:\/\/arturomar.com\/?page_id=880"},"modified":"2025-08-26T14:20:48","modified_gmt":"2025-08-26T14:20:48","slug":"productora","status":"publish","type":"page","link":"https:\/\/arturomar.com\/index.php\/productora\/","title":{"rendered":"Productora"},"content":{"rendered":"\t\t<div data-elementor-type=\"wp-page\" data-elementor-id=\"880\" class=\"elementor elementor-880\">\n\t\t\t\t\t\t<section class=\"elementor-section elementor-top-section elementor-element elementor-element-59d18cd elementor-section-boxed elementor-section-height-default elementor-section-height-default\" data-id=\"59d18cd\" data-element_type=\"section\" data-settings=\"{&quot;background_background&quot;:&quot;classic&quot;}\">\n\t\t\t\t\t\t<div class=\"elementor-container elementor-column-gap-default\">\n\t\t\t\t\t<div class=\"elementor-column elementor-col-100 elementor-top-column elementor-element elementor-element-652534a\" data-id=\"652534a\" data-element_type=\"column\">\n\t\t\t<div class=\"elementor-widget-wrap elementor-element-populated\">\n\t\t\t\t\t\t<div class=\"elementor-element elementor-element-2613a15 elementor-widget-divider--view-line elementor-widget elementor-widget-divider\" data-id=\"2613a15\" data-element_type=\"widget\" data-widget_type=\"divider.default\">\n\t\t\t\t<div class=\"elementor-widget-container\">\n\t\t\t\t\t<div class=\"elementor-divider\">\n\t\t\t<span class=\"elementor-divider-separator\">\n\t\t\t\t\t\t<\/span>\n\t\t<\/div>\n\t\t\t\t<\/div>\n\t\t\t\t<\/div>\n\t\t\t\t<div class=\"elementor-element elementor-element-45207f2 elementor-widget elementor-widget-text-editor\" data-id=\"45207f2\" data-element_type=\"widget\" data-widget_type=\"text-editor.default\">\n\t\t\t\t<div class=\"elementor-widget-container\">\n\t\t\t\t\t\t\t<p><span style=\"font-size: inherit; text-align: inherit;\">Como productor&nbsp;<\/span>Independiete<span style=\"font-size: inherit; text-align: inherit;\">, me especializo en desarrollar proyectos audiovisuales y digitales personalizados para su empresa. A trav\u00e9s de un an\u00e1lisis profundo y una gesti\u00f3n eficiente, adapto los modelos de producci\u00f3n a sus necesidades espec\u00edficas, asegurando resultados creativos y viables que impulsan su visi\u00f3n.<\/span><\/p>\t\t\t\t\t\t<\/div>\n\t\t\t\t<\/div>\n\t\t\t\t<div class=\"elementor-element elementor-element-a9a918f elementor-widget-divider--view-line elementor-widget elementor-widget-divider\" data-id=\"a9a918f\" data-element_type=\"widget\" data-widget_type=\"divider.default\">\n\t\t\t\t<div class=\"elementor-widget-container\">\n\t\t\t\t\t<div class=\"elementor-divider\">\n\t\t\t<span class=\"elementor-divider-separator\">\n\t\t\t\t\t\t<\/span>\n\t\t<\/div>\n\t\t\t\t<\/div>\n\t\t\t\t<\/div>\n\t\t\t\t\t<\/div>\n\t\t<\/div>\n\t\t\t\t\t<\/div>\n\t\t<\/section>\n\t\t\t\t<\/div>\n\t\t","protected":false},"excerpt":{"rendered":"<p>Como productor&nbsp;Independiete, me especializo en desarrollar proyectos audiovisuales y digitales personalizados para su empresa. A trav\u00e9s de un an\u00e1lisis profundo y una gesti\u00f3n eficiente, adapto los modelos de producci\u00f3n a sus necesidades espec\u00edficas, asegurando resultados creativos y viables que impulsan su visi\u00f3n.<\/p>\n","protected":false},"author":1,"featured_media":0,"parent":0,"menu_order":0,"comment_status":"closed","ping_status":"closed","template":"elementor_header_footer","meta":{"footnotes":""},"class_list":["post-880","page","type-page","status-publish","hentry","post-preview"],"_links":{"self":[{"href":"https:\/\/arturomar.com\/index.php\/wp-json\/wp\/v2\/pages\/880"}],"collection":[{"href":"https:\/\/arturomar.com\/index.php\/wp-json\/wp\/v2\/pages"}],"about":[{"href":"https:\/\/arturomar.com\/index.php\/wp-json\/wp\/v2\/types\/page"}],"author":[{"embeddable":true,"href":"https:\/\/arturomar.com\/index.php\/wp-json\/wp\/v2\/users\/1"}],"replies":[{"embeddable":true,"href":"https:\/\/arturomar.com\/index.php\/wp-json\/wp\/v2\/comments?post=880"}],"version-history":[{"count":83,"href":"https:\/\/arturomar.com\/index.php\/wp-json\/wp\/v2\/pages\/880\/revisions"}],"predecessor-version":[{"id":1078,"href":"https:\/\/arturomar.com\/index.php\/wp-json\/wp\/v2\/pages\/880\/revisions\/1078"}],"wp:attachment":[{"href":"https:\/\/arturomar.com\/index.php\/wp-json\/wp\/v2\/media?parent=880"}],"curies":[{"name":"wp","href":"https:\/\/api.w.org\/{rel}","templated":true}]}}